{"id":56,"date":"2024-09-25T18:34:52","date_gmt":"2024-09-25T16:34:52","guid":{"rendered":"https:\/\/m3autokozmetika.hu\/?page_id=56"},"modified":"2024-10-10T20:16:42","modified_gmt":"2024-10-10T18:16:42","slug":"szolgaltatasok","status":"publish","type":"page","link":"https:\/\/m3autokozmetika.hu\/?page_id=56","title":{"rendered":"Szolg\u00e1ltat\u00e1saink"},"content":{"rendered":"\n<p class=\"has-text-align-center\"><\/p>\n\n\n\n<p>(Az \u00e1rakr\u00f3l t\u00e1j\u00e9koz\u00f3djon a kapcsolati f\u00fcl\u00f6n tal\u00e1lhat\u00f3 el\u00e9rhet\u0151s\u00e9gek egyik\u00e9n.  )<\/p>\n\n\n\n<figure class=\"wp-block-table is-style-stripes\"><table class=\"has-fixed-layout\"><tbody><tr><td class=\"has-text-align-center\" data-align=\"center\"><strong>K\u00fcls\u0151 karossz\u00e9ria tiszt\u00edt\u00e1s<\/strong><\/td><td>Az aut\u00f3 teljes k\u00fcls\u0151 fel\u00fclet\u00e9t k\u00e9zi mos\u00e1ssal tiszt\u00edtjuk meg, elt\u00e1vol\u00edtva a port, szennyez\u0151d\u00e9seket \u00e9s rovarmaradv\u00e1nyokat. K\u00fcl\u00f6n figyelmet ford\u00edtunk a nehezen el\u00e9rhet\u0151 helyekre is.<\/td><\/tr><tr><td class=\"has-text-align-center\" data-align=\"center\"><strong>Bels\u0151t\u00e9r tiszt\u00edt\u00e1s<\/strong><\/td><td>A m\u0171szerfal, ajt\u00f3k\u00e1rpitok \u00e9s egy\u00e9b bels\u0151 fel\u00fcletek tiszt\u00edt\u00e1sa \u00e9s \u00e1pol\u00e1sa, amely mag\u00e1ban foglalja a por elt\u00e1vol\u00edt\u00e1s\u00e1t \u00e9s ig\u00e9ny szerint a m\u0171anyag fel\u00fcletek \u00e1pol\u00e1s\u00e1t is. <\/td><\/tr><tr><td class=\"has-text-align-center\" data-align=\"center\"><strong>K\u00e1rpit tiszt\u00edt\u00e1s<\/strong><\/td><td>Az \u00fcl\u00e9sek, k\u00e1rpitok \u00e9s padl\u00f3sz\u0151nyegek m\u00e9lytiszt\u00edt\u00e1st kapnak, amely elt\u00e1vol\u00edtja a makacs szennyez\u0151d\u00e9seket, foltokat \u00e9s szagokat.<\/td><\/tr><tr><td class=\"has-text-align-center\" data-align=\"center\"><strong>B\u0151r tiszt\u00edt\u00e1s \u00e9s \u00e1pol\u00e1s<\/strong><\/td><td>A b\u0151rfel\u00fcletek tiszt\u00edt\u00e1sa \u00e9s \u00e1pol\u00e1sa pr\u00e9mium min\u0151s\u00e9g\u0171 b\u0151r tiszt\u00edt\u00f3 \u00e9s \u00e1pol\u00f3 szerekkel amelyek t\u00e1pl\u00e1lj\u00e1k a b\u0151rt, \u00e9s v\u00e9dik a k\u00e1ros UV sugarakt\u00f3l a b\u0151r fel\u00fclet\u00e9t. <\/td><\/tr><tr><td class=\"has-text-align-center\" data-align=\"center\"><strong>\u00d3zonos fert\u0151tlen\u00edt\u00e9s<\/strong><\/td><td>A l\u00e9gkondicion\u00e1l\u00f3 \u00e9s szell\u0151z\u0151rendszer tiszt\u00edt\u00e1sa, hogy a leveg\u0151 friss \u00e9s tiszta legyen, illetve \u00e1tj\u00e1rja a teljes bels\u0151 teret megsz\u00fcntetve a kellemetlen szagokat.<\/td><\/tr><tr><td class=\"has-text-align-center\" data-align=\"center\"><strong>Pol\u00edroz\u00e1s<\/strong><\/td><td>A pol\u00edroz\u00e1s nem csup\u00e1n eszt\u00e9tikai el\u0151ny\u00f6ket k\u00edn\u00e1l; ez egy olyan folyamat, amely sor\u00e1n elt\u00e1vol\u00edtjuk a f\u00e9nyez\u00e9s fel\u00fclet\u00e9n l\u00e9v\u0151 apr\u00f3 karcol\u00e1sokat, oxid\u00e1ci\u00f3t \u00e9s egy\u00e9b hib\u00e1kat, ez\u00e1ltal vissza\u00e1ll\u00edtva az aut\u00f3 eredeti f\u00e9ny\u00e9t \u00e9s m\u00e9lys\u00e9g\u00e9t.<\/td><\/tr><tr><td class=\"has-text-align-center\" data-align=\"center\"><strong>F\u00e9nysz\u00f3r\u00f3 pol\u00edroz\u00e1s<\/strong><\/td><td>A f\u00e9nysz\u00f3r\u00f3k id\u0151vel s\u00e1rgulhatnak, \u00e9s mattulhatnak, ami rontja a l\u00e1t\u00e1si viszonyokat. A fel\u00faj\u00edt\u00e1s sor\u00e1n elt\u00e1vol\u00edtjuk a szennyez\u0151d\u00e9seket, megsz\u00fcntetj\u00fck a s\u00e1rgult \u00e9s matt fel\u00fcleteket, UV v\u00e9d\u0151 bevonatot alkalmazunk a tart\u00f3s v\u00e9delem \u00e9rdek\u00e9ben. <\/td><\/tr><tr><td class=\"has-text-align-center\" data-align=\"center\"><strong>Sz\u00e9lv\u00e9d\u0151 bevonatoz\u00e1s<\/strong><\/td><td>Egy m\u00e9lytisztitast k\u00f6vet\u0151en speci\u00e1lis bevonatot visz\u00fcnk fel a sz\u00e9lv\u00e9d\u0151re, amely tasz\u00edtja a vizet \u00e9s a szennyez\u0151d\u00e9seket, \u00edgy es\u0151s id\u0151ben is tiszt\u00e1bb l\u00e1t\u00e1st biztos\u00edt. <\/td><\/tr><tr><td class=\"has-text-align-center\" data-align=\"center\"><strong>Karossz\u00e9ria bevonatoz\u00e1s<\/strong><\/td><td>A karossz\u00e9ria bevonatol\u00e1s \u00e9s waxol\u00e1s szolg\u00e1ltat\u00e1sunk c\u00e9lja, hogy aut\u00f3ja f\u00e9nyez\u00e9s\u00e9t megv\u00e9dje a k\u00f6rnyezeti hat\u00e1sokt\u00f3l, mik\u00f6zben fokozza annak f\u00e9nyess\u00e9g\u00e9t \u00e9s megjelen\u00e9s\u00e9t. A wax \u00e9s a bevonat egyar\u00e1nt v\u00e9d\u0151r\u00e9teget k\u00e9pez a f\u00e9nyez\u00e9s felett, \u00e9s v\u00edzleperget\u0151 hat\u00e1st k\u00e9pez, \u00edgy a fel\u00fclet k\u00f6nnyebben tiszt\u00edthat\u00f3. <\/td><\/tr><tr><td class=\"has-text-align-center\" data-align=\"center\"><\/td><td><\/td><\/tr><\/tbody><\/table><\/figure>\n\n\n\n<h1 class=\"wp-block-heading\"><strong>Fontos \u00e1ltal\u00e1nos inform\u00e1ci\u00f3k:<\/strong><\/h1>\n\n\n\n<figure class=\"wp-block-table\"><table class=\"has-fixed-layout\"><tbody><tr><td rowspan=\"5\"><strong>Az aut\u00f3ban hagyott \u00e9rt\u00e9kt\u00e1rgyak\u00e9rt, a szolg\u00e1ltat\u00e1s sor\u00e1n keletkezett esetleges be\u00e1z\u00e1s\u00e9rt, valamint a motormos\u00e1sn\u00e1l keletkezett elektromos be\u00e1z\u00e1s\u00e9rt felel\u0151ss\u00e9get NEM v\u00e1llalunk.<br>Er\u0151sen szennyezett aut\u00f3kn\u00e1l fel\u00e1rat sz\u00e1m\u00edthatunk fel. <br>Aut\u00f3kozmetikai \u00e1raink a szennyez\u0151d\u00e9s m\u00e9rt\u00e9k\u00e9t\u0151l \u00e9s az aut\u00f3 m\u00e9ret\u00e9t\u0151l f\u00fcggnek.<\/strong> <br><br><\/td><\/tr><\/tbody><\/table><\/figure>\n","protected":false},"excerpt":{"rendered":"<p>(Az \u00e1rakr\u00f3l t\u00e1j\u00e9koz\u00f3djon a kapcsolati f\u00fcl\u00f6n tal\u00e1lhat\u00f3 el\u00e9rhet\u0151s\u00e9gek egyik\u00e9n. ) K\u00fcls\u0151 karossz\u00e9ria tiszt\u00edt\u00e1s Az aut\u00f3 teljes k\u00fcls\u0151 fel\u00fclet\u00e9t k\u00e9zi mos\u00e1ssal tiszt\u00edtjuk meg, elt\u00e1vol\u00edtva a port, szennyez\u0151d\u00e9seket \u00e9s rovarmaradv\u00e1nyokat. K\u00fcl\u00f6n figyelmet ford\u00edtunk a nehezen el\u00e9rhet\u0151 helyekre is. Bels\u0151t\u00e9r tiszt\u00edt\u00e1s A m\u0171szerfal, ajt\u00f3k\u00e1rpitok \u00e9s egy\u00e9b bels\u0151 fel\u00fcletek tiszt\u00edt\u00e1sa \u00e9s \u00e1pol\u00e1sa, amely mag\u00e1ban [&hellip;]<\/p>\n","protected":false},"author":1,"featured_media":0,"parent":0,"menu_order":0,"comment_status":"closed","ping_status":"closed","template":"","meta":{"footnotes":""},"class_list":["post-56","page","type-page","status-publish","hentry"],"_links":{"self":[{"href":"https:\/\/m3autokozmetika.hu\/index.php?rest_route=\/wp\/v2\/pages\/56","targetHints":{"allow":["GET"]}}],"collection":[{"href":"https:\/\/m3autokozmetika.hu\/index.php?rest_route=\/wp\/v2\/pages"}],"about":[{"href":"https:\/\/m3autokozmetika.hu\/index.php?rest_route=\/wp\/v2\/types\/page"}],"author":[{"embeddable":true,"href":"https:\/\/m3autokozmetika.hu\/index.php?rest_route=\/wp\/v2\/users\/1"}],"replies":[{"embeddable":true,"href":"https:\/\/m3autokozmetika.hu\/index.php?rest_route=%2Fwp%2Fv2%2Fcomments&post=56"}],"version-history":[{"count":14,"href":"https:\/\/m3autokozmetika.hu\/index.php?rest_route=\/wp\/v2\/pages\/56\/revisions"}],"predecessor-version":[{"id":100,"href":"https:\/\/m3autokozmetika.hu\/index.php?rest_route=\/wp\/v2\/pages\/56\/revisions\/100"}],"wp:attachment":[{"href":"https:\/\/m3autokozmetika.hu\/index.php?rest_route=%2Fwp%2Fv2%2Fmedia&parent=56"}],"curies":[{"name":"wp","href":"https:\/\/api.w.org\/{rel}","templated":true}]}}